{"id":281,"date":"2015-07-17T15:29:25","date_gmt":"2015-07-17T14:29:25","guid":{"rendered":"http:\/\/195.141.44.40\/?page_id=281"},"modified":"2015-07-17T15:30:29","modified_gmt":"2015-07-17T14:30:29","slug":"presse-d","status":"publish","type":"page","link":"https:\/\/www.mondialduchasselas.com\/de\/presse-d\/","title":{"rendered":"Presse (D)"},"content":{"rendered":"<p>Retrouvez tous les dossiers de presse \u00e9dit\u00e9s par le Mondial du Chasselas. \u00a0 \u00a0 Vous pouvez utiliser les photos pr\u00e9sent\u00e9es sur le site en mentionnant la source. Si aucune source n&#8217;est mentionn\u00e9e, merci d&#8217;indiquer Mondial du Chasselas.<\/p>\n","protected":false},"excerpt":{"rendered":"<p>Retrouvez tous les dossiers de presse \u00e9dit\u00e9s par le Mondial du Chasselas. \u00a0 \u00a0 Vous pouvez utiliser les photos pr\u00e9sent\u00e9es sur le site en mentionnant la source. Si aucune source n&#8217;est mentionn\u00e9e, merci d&#8217;indiquer Mondial du Chasselas.<\/p>\n","protected":false},"author":1,"featured_media":0,"parent":0,"menu_order":0,"comment_status":"open","ping_status":"closed","template":"","meta":{"ngg_post_thumbnail":0},"yoast_head":"<!-- This site is optimized with the Yoast SEO plugin v20.3 - https:\/\/yoast.com\/wordpress\/plugins\/seo\/ -->\n<title>Presse (D) - Mondial du Chasselas<\/title>\n<meta name=\"robots\" content=\"index, follow, max-snippet:-1, max-image-preview:large, max-video-preview:-1\" \/>\n<link rel=\"canonical\" href=\"https:\/\/www.mondialduchasselas.com\/de\/presse-d\/\" \/>\n<meta property=\"og:locale\" content=\"de_DE\" \/>\n<meta property=\"og:type\" content=\"article\" \/>\n<meta property=\"og:title\" content=\"Presse (D) - Mondial du Chasselas\" \/>\n<meta property=\"og:description\" content=\"Retrouvez tous les dossiers de presse \u00e9dit\u00e9s par le Mondial du Chasselas. \u00a0 \u00a0 Vous pouvez utiliser les photos pr\u00e9sent\u00e9es sur le site en mentionnant la source. Si aucune source n&#8217;est mentionn\u00e9e, merci d&#8217;indiquer Mondial du Chasselas.\" \/>\n<meta property=\"og:url\" content=\"https:\/\/www.mondialduchasselas.com\/de\/presse-d\/\" \/>\n<meta property=\"og:site_name\" content=\"Mondial du Chasselas\" \/>\n<meta property=\"article:publisher\" content=\"http:\/\/www.facebook.com\/MondialDuChasselas\/\" \/>\n<meta property=\"article:modified_time\" content=\"2015-07-17T14:30:29+00:00\" \/>\n<meta name=\"twitter:card\" content=\"summary_large_image\" \/>\n<script type=\"application\/ld+json\" class=\"yoast-schema-graph\">{\"@context\":\"https:\/\/schema.org\",\"@graph\":[{\"@type\":\"WebPage\",\"@id\":\"https:\/\/www.mondialduchasselas.com\/de\/presse-d\/\",\"url\":\"https:\/\/www.mondialduchasselas.com\/de\/presse-d\/\",\"name\":\"Presse (D) - Mondial du Chasselas\",\"isPartOf\":{\"@id\":\"https:\/\/www.mondialduchasselas.com\/#website\"},\"datePublished\":\"2015-07-17T14:29:25+00:00\",\"dateModified\":\"2015-07-17T14:30:29+00:00\",\"breadcrumb\":{\"@id\":\"https:\/\/www.mondialduchasselas.com\/de\/presse-d\/#breadcrumb\"},\"inLanguage\":\"de\",\"potentialAction\":[{\"@type\":\"ReadAction\",\"target\":[\"https:\/\/www.mondialduchasselas.com\/de\/presse-d\/\"]}]},{\"@type\":\"BreadcrumbList\",\"@id\":\"https:\/\/www.mondialduchasselas.com\/de\/presse-d\/#breadcrumb\",\"itemListElement\":[{\"@type\":\"ListItem\",\"position\":1,\"name\":\"Accueil\",\"item\":\"https:\/\/www.mondialduchasselas.com\/\"},{\"@type\":\"ListItem\",\"position\":2,\"name\":\"Presse (D)\"}]},{\"@type\":\"WebSite\",\"@id\":\"https:\/\/www.mondialduchasselas.com\/#website\",\"url\":\"https:\/\/www.mondialduchasselas.com\/\",\"name\":\"Mondial du Chasselas\",\"description\":\"Le Chasselas, un c\u00e9page plus actuel que jamais\",\"potentialAction\":[{\"@type\":\"SearchAction\",\"target\":{\"@type\":\"EntryPoint\",\"urlTemplate\":\"https:\/\/www.mondialduchasselas.com\/?s={search_term_string}\"},\"query-input\":\"required name=search_term_string\"}],\"inLanguage\":\"de\"}]}<\/script>\n<!-- \/ Yoast SEO plugin. -->","yoast_head_json":{"title":"Presse (D) - Mondial du Chasselas","robots":{"index":"index","follow":"follow","max-snippet":"max-snippet:-1","max-image-preview":"max-image-preview:large","max-video-preview":"max-video-preview:-1"},"canonical":"https:\/\/www.mondialduchasselas.com\/de\/presse-d\/","og_locale":"de_DE","og_type":"article","og_title":"Presse (D) - Mondial du Chasselas","og_description":"Retrouvez tous les dossiers de presse \u00e9dit\u00e9s par le Mondial du Chasselas. \u00a0 \u00a0 Vous pouvez utiliser les photos pr\u00e9sent\u00e9es sur le site en mentionnant la source. Si aucune source n&#8217;est mentionn\u00e9e, merci d&#8217;indiquer Mondial du Chasselas.","og_url":"https:\/\/www.mondialduchasselas.com\/de\/presse-d\/","og_site_name":"Mondial du Chasselas","article_publisher":"http:\/\/www.facebook.com\/MondialDuChasselas\/","article_modified_time":"2015-07-17T14:30:29+00:00","twitter_card":"summary_large_image","schema":{"@context":"https:\/\/schema.org","@graph":[{"@type":"WebPage","@id":"https:\/\/www.mondialduchasselas.com\/de\/presse-d\/","url":"https:\/\/www.mondialduchasselas.com\/de\/presse-d\/","name":"Presse (D) - Mondial du Chasselas","isPartOf":{"@id":"https:\/\/www.mondialduchasselas.com\/#website"},"datePublished":"2015-07-17T14:29:25+00:00","dateModified":"2015-07-17T14:30:29+00:00","breadcrumb":{"@id":"https:\/\/www.mondialduchasselas.com\/de\/presse-d\/#breadcrumb"},"inLanguage":"de","potentialAction":[{"@type":"ReadAction","target":["https:\/\/www.mondialduchasselas.com\/de\/presse-d\/"]}]},{"@type":"BreadcrumbList","@id":"https:\/\/www.mondialduchasselas.com\/de\/presse-d\/#breadcrumb","itemListElement":[{"@type":"ListItem","position":1,"name":"Accueil","item":"https:\/\/www.mondialduchasselas.com\/"},{"@type":"ListItem","position":2,"name":"Presse (D)"}]},{"@type":"WebSite","@id":"https:\/\/www.mondialduchasselas.com\/#website","url":"https:\/\/www.mondialduchasselas.com\/","name":"Mondial du Chasselas","description":"Le Chasselas, un c\u00e9page plus actuel que jamais","potentialAction":[{"@type":"SearchAction","target":{"@type":"EntryPoint","urlTemplate":"https:\/\/www.mondialduchasselas.com\/?s={search_term_string}"},"query-input":"required name=search_term_string"}],"inLanguage":"de"}]}},"_links":{"self":[{"href":"https:\/\/www.mondialduchasselas.com\/de\/wp-json\/wp\/v2\/pages\/281"}],"collection":[{"href":"https:\/\/www.mondialduchasselas.com\/de\/wp-json\/wp\/v2\/pages"}],"about":[{"href":"https:\/\/www.mondialduchasselas.com\/de\/wp-json\/wp\/v2\/types\/page"}],"author":[{"embeddable":true,"href":"https:\/\/www.mondialduchasselas.com\/de\/wp-json\/wp\/v2\/users\/1"}],"replies":[{"embeddable":true,"href":"https:\/\/www.mondialduchasselas.com\/de\/wp-json\/wp\/v2\/comments?post=281"}],"version-history":[{"count":2,"href":"https:\/\/www.mondialduchasselas.com\/de\/wp-json\/wp\/v2\/pages\/281\/revisions"}],"predecessor-version":[{"id":287,"href":"https:\/\/www.mondialduchasselas.com\/de\/wp-json\/wp\/v2\/pages\/281\/revisions\/287"}],"wp:attachment":[{"href":"https:\/\/www.mondialduchasselas.com\/de\/wp-json\/wp\/v2\/media?parent=281"}],"curies":[{"name":"wp","href":"https:\/\/api.w.org\/{rel}","templated":true}]}}